{"id":745,"date":"2014-08-25T14:08:41","date_gmt":"2014-08-25T14:08:41","guid":{"rendered":"https:\/\/ordinemonastico.org\/frontpage\/"},"modified":"2025-11-24T19:31:39","modified_gmt":"2025-11-24T18:31:39","slug":"frontpage","status":"publish","type":"page","link":"https:\/\/ordinemonastico.org\/fr\/frontpage\/","title":{"rendered":"Home page"},"content":{"rendered":"<div id='fullscreen_slider_1'  class='avia-fullscreen-slider main_color   avia-builder-el-0  el_before_av_heading  avia-builder-el-first   container_wrap fullsize' style=' '  ><a href='#next-section' title='' class='scroll-down-link av-control-minimal' aria-hidden='true' data-av_icon='\ue877' data-av_iconfont='entypo-fontello'><\/a><div   data-size='no scaling'  data-lightbox_size='large'  data-animation='fade'  data-conditional_play=''  data-ids='838'  data-video_counter='0'  data-autoplay='true'  data-bg_slider='true'  data-slide_height='100'  data-handle='av_fullscreen'  data-interval='3'  data-class=' '  data-el_id=''  data-css_id='fullscreen_slider_1'  data-scroll_down='aviaTBscroll_down'  data-control_layout='av-control-minimal'  data-custom_markup=''  data-perma_caption='aviaTBperma_caption'  data-autoplay_stopper=''  data-image_attachment=''  data-min_height='0px'  data-lazy_loading='disabled'  data-stretch=''  class='avia-slideshow avia-slideshow-1 av-slider-scroll-down-active av-control-minimal av-default-height-applied avia-slideshow-no scaling av_fullscreen   avia-fade-slider '  itemprop=\"image\" itemscope=\"itemscope\" itemtype=\"https:\/\/schema.org\/ImageObject\" ><ul class='avia-slideshow-inner ' style='padding-bottom: 80%;' ><li style='background-position:top center;' data-img-url='https:\/\/ordinemonastico.org\/wp-content\/uploads\/2022\/07\/om-01.jpg' class=' av-single-slide slide-1 ' ><div data-rel='slideshow-1' class='avia-slide-wrap '   ><\/div><\/li><\/ul><\/div><\/div><div id='after_full_slider_1'  class='main_color av_default_container_wrap container_wrap fullsize' style=' '  ><div class='container' ><div class='template-page content  av-content-full alpha units'><div class='post-entry post-entry-type-page post-entry-745'><div class='entry-content-wrapper clearfix'>\n<div  style='padding-bottom:10px; ' class='av-special-heading av-special-heading-h1  blockquote modern-quote modern-centered  avia-builder-el-1  el_after_av_fullscreen  el_before_av_textblock  avia-builder-el-first  '><h1 class='av-special-heading-tag '  itemprop=\"headline\"  >Ordre Monastique du Sabourg<\/h1><div class='special-heading-border'><div class='special-heading-inner-border' ><\/div><\/div><\/div>\n<section class=\"av_textblock_section \"  itemscope=\"itemscope\" itemtype=\"https:\/\/schema.org\/CreativeWork\" ><div class='avia_textblock  '   itemprop=\"text\" ><p><img loading=\"lazy\" decoding=\"async\" class=\"aligncenter wp-image-1105\" src=\"https:\/\/ordinemonastico.org\/wp-content\/uploads\/2025\/04\/logo-ordine-primario-di-seborga-adr-6-pdf.jpg\" alt=\"\" width=\"305\" height=\"388\" \/><\/p>\n<p>Au sein de l&rsquo;association cultuelle mon\u00e9gasque d\u00e9nomm\u00e9 \u00a0\u00bb Polish National Catholic Church \u00e0 Monaco \u00ab\u00a0, d\u00fbment enregistr\u00e9 aupr\u00e8s du Minist\u00e8re d&rsquo;Etat de la Principaut\u00e9 de Monaco le 14 septembre 2018, la congr\u00e9gation religieuse d\u00e9nomm\u00e9e : \u00a0\u00bb Ordre Monastique du Sabourg \u00a0\u00bb (en abr\u00e9g\u00e9 :. O.M.SBR.) a \u00e9t\u00e9 cr\u00e9\u00e9e par une r\u00e9solution sp\u00e9cifique de l&rsquo;Assembl\u00e9e des Membres.<\/p>\n<p>L&rsquo;Ordre, organis\u00e9 en un premier chapitre dont le si\u00e8ge est \u00e0 Seborga, est divis\u00e9 en trois congr\u00e9gations religieuses<\/p>\n<p>l&rsquo;ordre primaire appel\u00e9 Ordre des Mineurs de Saint Beno\u00eet<\/p>\n<p>l&rsquo;ordre secondaire appel\u00e9 Ordre de Marie de Magdala<\/p>\n<p>l&rsquo;ordre tertiaire appel\u00e9 Ordre des Oblats .<\/p>\n<p>L&rsquo;ordre primaire est compos\u00e9 de moines, de novices et de clercs. L&rsquo;ordre secondaire est compos\u00e9 de nones et de novices. L&rsquo;ordre tertiaire est compos\u00e9 de la\u00efcs ayant prononc\u00e9 des v\u0153ux mineurs, mod\u00e9ration et ob\u00e9issance, aillant \u00e9t\u00e9 consacr\u00e9s oblats, selon la r\u00e8gle de Saint Benoit adopt\u00e9e aux temps modernes. Les religieux, clercs, moines, nones, novices et oblats, entendent se donner une r\u00e8gle particuli\u00e8re, se rappelant qu&rsquo;ils doivent conna\u00eetre et observer scrupuleusement les commandements donn\u00e9s par Dieu, afin que, aimant le Seigneur et la Sainte Trinit\u00e9 de tout leur c\u0153ur, de tout leur esprit, de toute leur \u00e2me et de toute leur force, et aimant leur prochain comme nous-m\u00eames, ils parviennent au fruit de la vie \u00e9ternelle. Les religieux et les la\u00efcs se sont donc r\u00e9unis pour observer l&rsquo;\u00c9vangile de notre Seigneur J\u00e9sus-Christ et pour vivre en Dieu notre Seigneur. C&rsquo;est pourquoi, puisqu&rsquo;ils doivent toujours observer cette R\u00e8gle, ils ne chercheront jamais \u00e0 s&rsquo;y soustraire, car \u00ab\u00a0celui qui met la main \u00e0 la charrue et s&rsquo;en retourne n&rsquo;est pas fait pour le Royaume de Dieu\u00a0\u00bb.<\/p>\n<p>L&rsquo;Ordre Monastique du Sabourg a son si\u00e8ge l\u00e9gal en Principaut\u00e9 de Monaco et son si\u00e8ge abbatial historico-liturgique en Italie,\u00a0 sis Via Maccario 1 \u00e0 Seborga, au c\u0153ur de la Principaut\u00e9 du Sabourg.<\/p>\n<p>La reconstitution de cet Ordre, par la volont\u00e9 l&rsquo;Abb\u00e9 Commendataire du Sabourg, est aujourd&rsquo;hui en communion avec le Patriarcat d&rsquo;Italie, ex \u00c9glise Orthodoxe en Italie, et l&rsquo;Eglise traditionnelle Gallicane de France. Cette initiative historique vise \u00e0 restaurer l&rsquo;ancien ordre de la matrice b\u00e9n\u00e9dictine \u00e9tabli \u00e0 Seborga par les anciens p\u00e8res b\u00e9n\u00e9dictins de l&rsquo;\u00eele de L\u00e9rins, selon la r\u00e8gle institu\u00e9e par Saint Benoit. L&rsquo;acte de r\u00e9tablissement vise \u00e0 souligner les valeurs \u0153cum\u00e9niques de la Sainte Trinit\u00e9 ou le dialogue fructueux et spirituellement constant entre les chr\u00e9tiens catholiques et orthodoxes pour l&rsquo;unit\u00e9 de tous les chr\u00e9tiens, comme indiqu\u00e9 dans l&rsquo;\u00c9vangile de saint Jean : \u00ab\u00a0Ut unum sint\u00a0\u00bb (pour qu&rsquo;ils soient un).<\/p>\n<\/div><\/section>\n<div  class='avia-button-wrap avia-button-center  avia-builder-el-3  el_after_av_textblock  avia-builder-el-last ' ><a href='https:\/\/ordinemonastico.org\/chi-siamo-2\/'  class='avia-button  avia-color-theme-color   avia-icon_select-yes-left-icon avia-size-small avia-position-center '   ><span class='avia_button_icon avia_button_icon_left ' aria-hidden='true' data-av_icon='\ue835' data-av_iconfont='entypo-fontello'><\/span><span class='avia_iconbox_title' >Approfondisci<\/span><\/a><\/div>\n","protected":false},"excerpt":{"rendered":"Ordre Monastique du Sabourg Au sein de l'association cultuelle mon\u00e9gasque d\u00e9nomm\u00e9 \" Polish National Catholic Church \u00e0 Monaco \", d\u00fbment enregistr\u00e9 aupr\u00e8s du Minist\u00e8re d'Etat de la Principaut\u00e9 de Monaco le 14 septembre 2018, la congr\u00e9gation religieuse d\u00e9nomm\u00e9e : \" Ordre Monastique du Sabourg \" (en abr\u00e9g\u00e9 :. O.M.SBR.) a \u00e9t\u00e9 cr\u00e9\u00e9e par une r\u00e9solution [...]","protected":false},"author":2,"featured_media":0,"parent":0,"menu_order":0,"comment_status":"closed","ping_status":"closed","template":"","meta":{"footnotes":""},"class_list":["post-745","page","type-page","status-publish","hentry"],"_links":{"self":[{"href":"https:\/\/ordinemonastico.org\/fr\/wp-json\/wp\/v2\/pages\/745","targetHints":{"allow":["GET"]}}],"collection":[{"href":"https:\/\/ordinemonastico.org\/fr\/wp-json\/wp\/v2\/pages"}],"about":[{"href":"https:\/\/ordinemonastico.org\/fr\/wp-json\/wp\/v2\/types\/page"}],"author":[{"embeddable":true,"href":"https:\/\/ordinemonastico.org\/fr\/wp-json\/wp\/v2\/users\/2"}],"replies":[{"embeddable":true,"href":"https:\/\/ordinemonastico.org\/fr\/wp-json\/wp\/v2\/comments?post=745"}],"version-history":[{"count":9,"href":"https:\/\/ordinemonastico.org\/fr\/wp-json\/wp\/v2\/pages\/745\/revisions"}],"predecessor-version":[{"id":1191,"href":"https:\/\/ordinemonastico.org\/fr\/wp-json\/wp\/v2\/pages\/745\/revisions\/1191"}],"wp:attachment":[{"href":"https:\/\/ordinemonastico.org\/fr\/wp-json\/wp\/v2\/media?parent=745"}],"curies":[{"name":"wp","href":"https:\/\/api.w.org\/{rel}","templated":true}]}}