{"id":1165,"date":"2025-11-24T18:56:05","date_gmt":"2025-11-24T17:56:05","guid":{"rendered":"https:\/\/ordinemonastico.org\/?page_id=1165"},"modified":"2025-11-24T19:29:00","modified_gmt":"2025-11-24T18:29:00","slug":"biographie-de-son-altesse-reverendissime-giovanni-luca-pietro-ii","status":"publish","type":"page","link":"https:\/\/ordinemonastico.org\/fr\/biographie-de-son-altesse-reverendissime-giovanni-luca-pietro-ii\/","title":{"rendered":"Biographie de Son Altesse R\u00e9v\u00e9rendissime Giovanni Luca Pietro II"},"content":{"rendered":"<div  style='padding-bottom:10px; ' class='av-special-heading av-special-heading-h1    avia-builder-el-0  el_before_av_image  avia-builder-el-first  '><h1 class='av-special-heading-tag '  itemprop=\"headline\"  >Biographie de Son Altesse R\u00e9v\u00e9rendissime Giovanni Luca Pietro II<\/h1><div class='special-heading-border'><div class='special-heading-inner-border' ><\/div><\/div><\/div>\n<div  class='avia-image-container  av-styling-    avia-builder-el-1  el_after_av_heading  el_before_av_textblock  avia-align-center '  itemprop=\"image\" itemscope=\"itemscope\" itemtype=\"https:\/\/schema.org\/ImageObject\"  ><div class='avia-image-container-inner'><div class='avia-image-overlay-wrap'><img decoding=\"async\" class='wp-image-979 avia-img-lazy-loading-not-979 avia_image' src=\"https:\/\/ordinemonastico.org\/wp-content\/uploads\/2024\/11\/thumbnail_IMG_0983-1152x1536-1-773x1030.jpg\" alt='' title='thumbnail_IMG_0983-1152x1536' height=\"1030\" width=\"773\"  itemprop=\"thumbnailUrl\" srcset=\"https:\/\/ordinemonastico.org\/wp-content\/uploads\/2024\/11\/thumbnail_IMG_0983-1152x1536-1-773x1030.jpg 773w, https:\/\/ordinemonastico.org\/wp-content\/uploads\/2024\/11\/thumbnail_IMG_0983-1152x1536-1-225x300.jpg 225w, https:\/\/ordinemonastico.org\/wp-content\/uploads\/2024\/11\/thumbnail_IMG_0983-1152x1536-1-768x1024.jpg 768w, https:\/\/ordinemonastico.org\/wp-content\/uploads\/2024\/11\/thumbnail_IMG_0983-1152x1536-1-1125x1500.jpg 1125w, https:\/\/ordinemonastico.org\/wp-content\/uploads\/2024\/11\/thumbnail_IMG_0983-1152x1536-1-529x705.jpg 529w, https:\/\/ordinemonastico.org\/wp-content\/uploads\/2024\/11\/thumbnail_IMG_0983-1152x1536-1.jpg 1152w\" sizes=\"(max-width: 773px) 100vw, 773px\" \/><\/div><\/div><\/div>\n<section class=\"av_textblock_section \"  itemscope=\"itemscope\" itemtype=\"https:\/\/schema.org\/CreativeWork\" ><div class='avia_textblock  '   itemprop=\"text\" ><p>Son Altesse Monseigneur Giovanni Luca Pietro II, Prince-Abb\u00e9 de Sabourg, Patriarche \u00e9lu d&rsquo;Italie, n\u00e9 Monseigneur Gianluca de Lucia, est n\u00e9 \u00e0 Bordighera le 27 mai 1978. Dipl\u00f4m\u00e9 en comptabilit\u00e9 en 1997, il a poursuivi des \u00e9tudes de droit \u00e0 l&rsquo;Universit\u00e9 d&rsquo;Imperia.<\/p>\n<p>En 2013, il a obtenu une licence en th\u00e9ologie gr\u00e2ce au soutien du Doyenn\u00e9 europ\u00e9en de l&rsquo;\u00c9glise nationale catholique polonaise, une \u00c9glise vieille-catholique am\u00e9ricaine d&rsquo;origine polonaise qui pratique l&rsquo;\u00e9change sacramentel avec l&rsquo;\u00c9glise catholique romaine depuis 2004, conform\u00e9ment au testament de saint Jean-Paul II.<\/p>\n<p>Passionn\u00e9 d&rsquo;art, il est devenu en 2013 s\u00e9nateur acad\u00e9mique de la prestigieuse Acad\u00e9mie Gentium Pro Pace, fond\u00e9e au Vatican en 1967 et d\u00e9sormais de droit italien.<\/p>\n<p>Ancien auxiliaire des Carabiniers, d\u00e9cor\u00e9 de la M\u00e9daille du M\u00e9rite, il a \u00e9t\u00e9 militant politique \u00e0 Vintimille, ancien conseiller municipal et ancien candidat \u00e0 la mairie. Il a finalement eu le privil\u00e8ge de participer aux \u00e9lections l\u00e9gislatives italiennes de 2013.<\/p>\n<p>En 2001, il a d\u00e9but\u00e9 sa carri\u00e8re dans l&rsquo;immobilier en Principaut\u00e9 de Monaco, un parcours qui l&rsquo;a men\u00e9 \u00e0 occuper le poste d&rsquo;associ\u00e9 g\u00e9rant d&rsquo;une agence immobili\u00e8re mon\u00e9gasque de renom de 2012 \u00e0 2023.<\/p>\n<p>De 2011 \u00e0 2022, il a \u00e9t\u00e9 membre de l&rsquo;Association nationale des collaborateurs et ministres et parlementaires (ANCMP).<\/p>\n<p>De 2015 \u00e0 2019, il a \u00e9galement dirig\u00e9 trois entreprises en Afrique de l&rsquo;Ouest, op\u00e9rant dans les secteurs minier, des transports et des \u00e9nergies renouvelables.<\/p>\n<p>Catholique fervent, il a rejoint en 2011 le doyenn\u00e9 de l&rsquo;\u00c9glise nationale catholique polonaise en Italie pour y fonder une mission \u00e0 Vintimille (IM), dont il a assum\u00e9 la pr\u00e9sidence. La communaut\u00e9 s&rsquo;est d\u00e9velopp\u00e9e et, en 2018, une nouvelle mission a \u00e9t\u00e9 \u00e9tablie en Principaut\u00e9 de Monaco, autoris\u00e9e par le Ministre d&rsquo;\u00c9tat comme institution religieuse l\u00e9galement reconnue, sous le nom d&rsquo;\u00ab \u00c9glise nationale catholique polonaise \u00e0 Monaco \u00bb.<\/p>\n<p>Philanthrope engag\u00e9 dans des actions caritatives, il a \u00e9t\u00e9, de 2015 \u00e0 2019, vice-pr\u00e9sident de l&rsquo;association mon\u00e9gasque \u00ab Grand Prieur\u00e9 de Russie \u2013 Commanderie de Monaco \u00bb, un ordre orthodoxe de Malte, aujourd&rsquo;hui \u0153cum\u00e9nique.<\/p>\n<p>Passionn\u00e9 d&rsquo;histoire et de th\u00e9ologie, fascin\u00e9 par Seborga et l&rsquo;ancienne Principaut\u00e9 de Sabourg, il a entrepris des recherches historico-juridiques sur l&rsquo;\u00e9volution de Seborga et de sa Principaut\u00e9 abbatiale. En mai 2019, il a publi\u00e9 une \u00e9tude historique en ligne, disponible \u00e0 l&rsquo;adresse suivante\u00a0: https:\/\/castrumsepulchri.org<\/p>\n<p>Le 29 septembre 2019, il a impliqu\u00e9 un groupe de passionn\u00e9s dans le r\u00e9tablissement de l&rsquo;Ordre monastique de Seborga et de son abbaye, en r\u00e9digeant une r\u00e8gle monastique inspir\u00e9e de l&rsquo;Ordre b\u00e9n\u00e9dictin. Avec neuf autres religieux, il a prononc\u00e9 les v\u0153ux d&rsquo;ob\u00e9issance et de mod\u00e9ration apr\u00e8s la Divine Liturgie, c\u00e9l\u00e9br\u00e9e par le R\u00e9v\u00e9rend P\u00e8re Gastone Bernacchi, secr\u00e9taire du Doyenn\u00e9 italien du PNCC et vice-pr\u00e9sident du PNCC \u00e0 Monaco. Il a ensuite \u00e9t\u00e9 consacr\u00e9 oblat et \u00e9lu abb\u00e9 commendataire de Seborga.<\/p>\n<p>L\u2019Ordre monastique de Seborga est ancr\u00e9 depuis sa fondation au sein de l&rsquo;association cultuelle mon\u00e9gasque\u00a0 \u00a0 \u00a0 \u00a0 \u00a0 \u00a0 \u00a0 \u00a0\u00ab P.N.C.C. \u00e0 Monaco \u00bb, mais il a d\u00e8s lors rev\u00eatu une forme th\u00e9ologique hybride accueillant chr\u00e9tiens, catholiques et orthodoxes, et ouvert au dialogue avec tous les chr\u00e9tiens du monde.<\/p>\n<p>Le 1er novembre 2019, l\u2019abb\u00e9 commendataire de Seborga a eu la gr\u00e2ce de recevoir l\u2019ordination diaconale, ainsi que deux autres fr\u00e8res oblats. Il a ensuite re\u00e7u l\u2019ordination sacerdotale afin de parachever sa mission.<\/p>\n<p>Le 28 d\u00e9cembre 2019, Son Altesse Monseigneur Jean-Luc a \u00e9t\u00e9 couronn\u00e9 91e prince-abb\u00e9 de Sabourg par un haut pr\u00e9lat orthodoxe. \u00c0 cette occasion, il a fait adopter la nouvelle Constitution de la Principaut\u00e9 de Sabourg, abrogeant d\u00e9finitivement l\u2019ancienne constitution de 1261 et ses amendements ult\u00e9rieurs. \u00c0 la suite du vote, il a asserment\u00e9 les secr\u00e9taires d&rsquo;\u00c9tat et les nouveaux membres du Conseil des dicast\u00e8res (Gouvernement de Sabourg), reconstituant ainsi les principales institutions de la Principaut\u00e9 de Sabourg.<\/p>\n<p>Afin d&rsquo;approfondir ses \u00e9tudes th\u00e9ologiques, il s&rsquo;est consacr\u00e9 \u00e0 l&rsquo;\u00e9tude de l&rsquo;orthodoxie, notamment des canons des premiers grands conciles de l&rsquo;\u00c9glise du Christ, et a adopt\u00e9 la confession orthodoxe comme choix de vie, conform\u00e9ment aux canons des conciles de Nic\u00e9e, d&rsquo;\u00c9ph\u00e8se, de Chalc\u00e9doine et du quatri\u00e8me concile de Constantinople.<\/p>\n<p>Le prince-abb\u00e9 reconna\u00eet la r\u00e9gularit\u00e9 du clerg\u00e9 mari\u00e9, en particulier des \u00e9v\u00eaques, qui, contrairement aux \u00c9glises chalc\u00e9doniennes, qu&rsquo;elles soient catholiques ou orthodoxes, sont compos\u00e9s de moines soumis \u00e0 l&rsquo;obligation du c\u00e9libat.<\/p>\n<p>Le 20 f\u00e9vrier 2022, il a \u00e9t\u00e9 incardin\u00e9 dans une autre juridiction orthodoxe et consacr\u00e9 \u00e9v\u00eaque par Son \u00c9minence Th\u00e9odore, \u00e9v\u00eaque d&rsquo;H\u00e9racl\u00e9e et primat de l&rsquo;\u00c9glise orthodoxe italienne autonome dite de Gaule cisalpine, \u00e9manation directe du Patriarcat de Kiev, et a ainsi acquis la succession apostolique r\u00e9guli\u00e8re.<\/p>\n<p>Le 25 f\u00e9vrier 2023, il a \u00e9t\u00e9 incardin\u00e9 \u00e0 la Conf\u00e9rence \u00e9piscopale des \u00e9v\u00eaques orthodoxes de la diaspora ukrainienne aux \u00c9tats-Unis, \u00e9manation directe de l&rsquo;UAOC, et officiellement reconnu comme prince-abb\u00e9 archev\u00eaque de Sabourg.<\/p>\n<p>Le 20 janvier 2023, il a \u00e9t\u00e9 incardin\u00e9 au Synode de l&rsquo;\u00c9glise orthodoxe en Italie, fond\u00e9 en 1991 par l&rsquo;archev\u00eaque Antonio De Rosso. Le m\u00eame jour, le Synode l&rsquo;a \u00e9lu m\u00e9tropolite suppl\u00e9ant d&rsquo;Italie.<\/p>\n<p>Suite \u00e0 la d\u00e9mission de l&rsquo;archev\u00eaque m\u00e9tropolitain d&rsquo;Italie le 16 ao\u00fbt 2023, il a assum\u00e9 la direction int\u00e9rimaire de l&rsquo;\u00c9glise jusqu&rsquo;au 14 ao\u00fbt 2024, date \u00e0 laquelle il a \u00e9t\u00e9 \u00e9lu patriarche d&rsquo;Italie.<\/p>\n<p>En juin 2025, il a \u00e9t\u00e9 nomm\u00e9 pro-recteur de l&rsquo;Acad\u00e9mie Gentium Pro Pace.<\/p>\n<\/div><\/section>\n","protected":false},"excerpt":{"rendered":"Biographie de Son Altesse R\u00e9v\u00e9rendissime Giovanni Luca Pietro II Son Altesse Monseigneur Giovanni Luca Pietro II, Prince-Abb\u00e9 de Sabourg, Patriarche \u00e9lu d'Italie, n\u00e9 Monseigneur Gianluca de Lucia, est n\u00e9 \u00e0 Bordighera le 27 mai 1978. Dipl\u00f4m\u00e9 en comptabilit\u00e9 en 1997, il a poursuivi des \u00e9tudes de droit \u00e0 l'Universit\u00e9 d'Imperia. En 2013, il a obtenu [...]","protected":false},"author":2,"featured_media":0,"parent":0,"menu_order":0,"comment_status":"closed","ping_status":"closed","template":"","meta":{"footnotes":""},"class_list":["post-1165","page","type-page","status-publish","hentry"],"_links":{"self":[{"href":"https:\/\/ordinemonastico.org\/fr\/wp-json\/wp\/v2\/pages\/1165","targetHints":{"allow":["GET"]}}],"collection":[{"href":"https:\/\/ordinemonastico.org\/fr\/wp-json\/wp\/v2\/pages"}],"about":[{"href":"https:\/\/ordinemonastico.org\/fr\/wp-json\/wp\/v2\/types\/page"}],"author":[{"embeddable":true,"href":"https:\/\/ordinemonastico.org\/fr\/wp-json\/wp\/v2\/users\/2"}],"replies":[{"embeddable":true,"href":"https:\/\/ordinemonastico.org\/fr\/wp-json\/wp\/v2\/comments?post=1165"}],"version-history":[{"count":5,"href":"https:\/\/ordinemonastico.org\/fr\/wp-json\/wp\/v2\/pages\/1165\/revisions"}],"predecessor-version":[{"id":1186,"href":"https:\/\/ordinemonastico.org\/fr\/wp-json\/wp\/v2\/pages\/1165\/revisions\/1186"}],"wp:attachment":[{"href":"https:\/\/ordinemonastico.org\/fr\/wp-json\/wp\/v2\/media?parent=1165"}],"curies":[{"name":"wp","href":"https:\/\/api.w.org\/{rel}","templated":true}]}}